{"id":1001,"date":"2022-06-16T12:14:12","date_gmt":"2022-06-16T12:14:12","guid":{"rendered":"https:\/\/www.zahntechnik-siepermann.de\/?page_id=1001"},"modified":"2023-05-24T15:31:30","modified_gmt":"2023-05-24T15:31:30","slug":"leistungen22","status":"publish","type":"page","link":"https:\/\/www.zahntechnik-siepermann.de\/?page_id=1001","title":{"rendered":"Moderne Verfahren"},"content":{"rendered":"<p>[vc_section content_layout=&#8220;full&#8220; animation_delay=&#8220;&#8220; disable=&#8220;&#8220; id=&#8220;&#8220; class=&#8220;&#8220; bg_type=&#8220;image&#8220; bg_image=&#8220;&#8220; color_overlay=&#8220;&#8220; enable_parallax=&#8220;&#8220; enable_pattern=&#8220;&#8220;][vc_row content_layout=&#8220;boxed&#8220; equal_height=&#8220;&#8220; animation_delay=&#8220;&#8220; disable=&#8220;&#8220; id=&#8220;&#8220; class=&#8220;vu_service-image&#8220; bg_type=&#8220;image&#8220; bg_image=&#8220;&#8220; color_overlay=&#8220;&#8220; enable_parallax=&#8220;&#8220; enable_pattern=&#8220;&#8220;][vc_column layout=&#8220;normal&#8220; vertical_align=&#8220;top&#8220; animation_delay=&#8220;&#8220;][vc_single_image image=&#8220;1037&#8243; img_size=&#8220;800&#215;400&#8243;][\/vc_column][\/vc_row][vc_row content_layout=&#8220;boxed&#8220; equal_height=&#8220;&#8220; animation_delay=&#8220;&#8220; disable=&#8220;&#8220; id=&#8220;&#8220; class=&#8220;&#8220; bg_type=&#8220;image&#8220; bg_image=&#8220;&#8220; color_overlay=&#8220;&#8220; enable_parallax=&#8220;&#8220; enable_pattern=&#8220;&#8220;][vc_column layout=&#8220;normal&#8220; vertical_align=&#8220;top&#8220; animation_delay=&#8220;&#8220;]\t\t<header class=\"vu_heading vu_h-style-1 vu_h-alignment-left vu_custom_5871442\">\r\n\t\t\t\t\t\t\t<style scoped>\r\n\t\t\t\t\t\r\n\t\t\t\t\t\r\n\t\t\t\t\t\t\t\t\t\t\t.vu_heading.vu_custom_5871442.vu_h-alignment-left.vu_h-style-1 {border-left-color: #50b0e3 }\r\n\t\t\t\t\t\t.vu_heading.vu_custom_5871442.vu_h-alignment-right.vu_h-style-1 {border-right-color: #50b0e3 }\r\n\t\t\t\t\t\t.vu_heading.vu_custom_5871442.vu_h-style-2 .vu_h-heading:after,.vu_heading.vu_custom_5871442.vu_h-style-3 .vu_h-heading:after,.vu_heading.vu_custom_5871442.vu_h-style-4 .vu_h-heading:before,.vu_heading.vu_custom_5871442.vu_h-style-4 .vu_h-heading:after { background-color: #50b0e3 }\r\n\t\t\t\t\t\t\t\t\t<\/style>\r\n\t\t\t\r\n\t\t\t\r\n\t\t\t\t\t\t\t<div class=\"vu_h-subheading\">\r\n\t\t\t\t\t<p>Moderne Verfahren<\/p>\n\t\t\t\t<\/div>\r\n\t\t\t\t\t<\/header>\r\n\t[\/vc_column][\/vc_row][vc_row content_layout=&#8220;boxed&#8220; equal_height=&#8220;&#8220; animation_delay=&#8220;&#8220; disable=&#8220;&#8220; id=&#8220;&#8220; class=&#8220;&#8220; bg_type=&#8220;image&#8220; bg_image=&#8220;&#8220; color_overlay=&#8220;&#8220; enable_parallax=&#8220;&#8220; enable_pattern=&#8220;&#8220;][vc_column layout=&#8220;normal&#8220; vertical_align=&#8220;top&#8220; animation_delay=&#8220;&#8220;][vc_column_text]Seit Jahrzenten erzielen Computergest\u00fctzte Planung und Fertigung, Nanotechnologien sowie Lasertechniken eine Reihe ausgezeichneter, technischer Neuerungen in der Zahnmedizin.<\/p>\n<p>Hochleistungskeramiken wie das Zirkondioxid und die elektronische Bestimmung der Zahnfarbe haben die M\u00f6glichkeiten der \u00e4sthetischen Zahmedizin revolutioniert.<\/p>\n<p>Qualitative Inlays, Kronen, Br\u00fccken, Implantataufbauten, aber auch Teil- und Vollprothesen sind das Ergebnis hochwertiger (Weiter-) Entwicklungen, die in unserem Labor entstehen.[\/vc_column_text]\t\t<header class=\"vu_heading vu_h-style-1 vu_h-alignment-left\">\r\n\t\t\t\r\n\t\t\t\r\n\t\t\t\t\t\t\t<div class=\"vu_h-subheading\">\r\n\t\t\t\t\t<p>Festsitzender Zahnersatz...<\/p>\n\t\t\t\t<\/div>\r\n\t\t\t\t\t<\/header>\r\n\t[vc_column_text]&#8230;fertigen Kronen fertigen wir heute so an, dass sie von nat\u00fcrlichen Z\u00e4hnen kaum mehr zu unterscheiden sind. Auch den Zahnersatz k\u00f6nnen wir deutlich graziler und, durch die Verarbeitung von hochreinen Werkstoffen, frei von Nebenwirkungen herstellen.<\/p>\n<p>Zirkondioxid ist ein wichtiger Bestandteil unserer Arbeiten. Zirkondioxid ist sehr best\u00e4ndig gegen S\u00e4uren und Laugen. Sie besitzt eine hohe Widerstandskraft gegen mechanische, chemische und thermische Einfl\u00fcsse.[\/vc_column_text][\/vc_column][\/vc_row][\/vc_section]<\/p>\n","protected":false},"excerpt":{"rendered":"<p>[vc_section content_layout=&#8220;full&#8220; animation_delay=&#8220;&#8220; disable=&#8220;&#8220; id=&#8220;&#8220; class=&#8220;&#8220; bg_type=&#8220;image&#8220; bg_image=&#8220;&#8220; color_overlay=&#8220;&#8220; enable_parallax=&#8220;&#8220; enable_pattern=&#8220;&#8220;][vc_row content_layout=&#8220;boxed&#8220; equal_height=&#8220;&#8220; animation_delay=&#8220;&#8220; disable=&#8220;&#8220; id=&#8220;&#8220; class=&#8220;vu_service-image&#8220; bg_type=&#8220;image&#8220; bg_image=&#8220;&#8220; color_overlay=&#8220;&#8220; enable_parallax=&#8220;&#8220; enable_pattern=&#8220;&#8220;][vc_column layout=&#8220;normal&#8220; vertical_align=&#8220;top&#8220; animation_delay=&#8220;&#8220;][vc_single_image image=&#8220;1037&#8243; img_size=&#8220;800&#215;400&#8243;][\/vc_column][\/vc_row][vc_row content_layout=&#8220;boxed&#8220; equal_height=&#8220;&#8220; animation_delay=&#8220;&#8220; disable=&#8220;&#8220; id=&#8220;&#8220; class=&#8220;&#8220; bg_type=&#8220;image&#8220; bg_image=&#8220;&#8220; color_overlay=&#8220;&#8220; enable_parallax=&#8220;&#8220; enable_pattern=&#8220;&#8220;][vc_column layout=&#8220;normal&#8220; vertical_align=&#8220;top&#8220; animation_delay=&#8220;&#8220;][\/vc_column][\/vc_row][vc_row content_layout=&#8220;boxed&#8220; equal_height=&#8220;&#8220; animation_delay=&#8220;&#8220; disable=&#8220;&#8220; id=&#8220;&#8220; class=&#8220;&#8220; bg_type=&#8220;image&#8220; bg_image=&#8220;&#8220; color_overlay=&#8220;&#8220; enable_parallax=&#8220;&#8220; enable_pattern=&#8220;&#8220;][vc_column layout=&#8220;normal&#8220; vertical_align=&#8220;top&#8220; animation_delay=&#8220;&#8220;][vc_column_text]Seit [&hellip;]<\/p>\n","protected":false},"author":1,"featured_media":0,"parent":993,"menu_order":0,"comment_status":"closed","ping_status":"closed","template":"","meta":{"footnotes":""},"class_list":["post-1001","page","type-page","status-publish","hentry"],"_links":{"self":[{"href":"https:\/\/www.zahntechnik-siepermann.de\/index.php?rest_route=\/wp\/v2\/pages\/1001","targetHints":{"allow":["GET"]}}],"collection":[{"href":"https:\/\/www.zahntechnik-siepermann.de\/index.php?rest_route=\/wp\/v2\/pages"}],"about":[{"href":"https:\/\/www.zahntechnik-siepermann.de\/index.php?rest_route=\/wp\/v2\/types\/page"}],"author":[{"embeddable":true,"href":"https:\/\/www.zahntechnik-siepermann.de\/index.php?rest_route=\/wp\/v2\/users\/1"}],"replies":[{"embeddable":true,"href":"https:\/\/www.zahntechnik-siepermann.de\/index.php?rest_route=%2Fwp%2Fv2%2Fcomments&post=1001"}],"version-history":[{"count":5,"href":"https:\/\/www.zahntechnik-siepermann.de\/index.php?rest_route=\/wp\/v2\/pages\/1001\/revisions"}],"predecessor-version":[{"id":1038,"href":"https:\/\/www.zahntechnik-siepermann.de\/index.php?rest_route=\/wp\/v2\/pages\/1001\/revisions\/1038"}],"up":[{"embeddable":true,"href":"https:\/\/www.zahntechnik-siepermann.de\/index.php?rest_route=\/wp\/v2\/pages\/993"}],"wp:attachment":[{"href":"https:\/\/www.zahntechnik-siepermann.de\/index.php?rest_route=%2Fwp%2Fv2%2Fmedia&parent=1001"}],"curies":[{"name":"wp","href":"https:\/\/api.w.org\/{rel}","templated":true}]}}